{"id":4700,"date":"2025-09-01T11:41:35","date_gmt":"2025-09-01T11:41:35","guid":{"rendered":"https:\/\/company.thelelife.com\/?post_type=product&#038;p=4700"},"modified":"2026-04-11T14:24:48","modified_gmt":"2026-04-11T07:24:48","slug":"cach-ban-hang-tren-san-etsy-tu-a-z","status":"publish","type":"product","link":"https:\/\/lelifeai.com\/en\/product\/cach-ban-hang-tren-san-etsy-tu-a-z\/","title":{"rendered":"How to Sell on Etsy From A-Z"},"content":{"rendered":"<p><strong>+ H\u01b0\u1edbng d\u1eabn mua:<\/strong><\/p>\n<ul>\n<li>C\u00e1ch 1: B\u1ea1n c\u00f3 th\u1ec3 mua tr\u1ef1c ti\u1ebfp b\u1eb1ng c\u00e1ch thanh to\u00e1n tr\u1ef1c ti\u1ebfp tr\u00ean website.\u00a0Sau \u0111\u00f3 nh\u1eafn x\u00e1c nh\u1eadn qua zalo 094.196.3399 (zalo)<\/li>\n<li>C\u00e1ch 2: Chuy\u1ec3n kho\u1ea3n v\u00e0o STK c\u00e1 nh\u00e2n (t\u1ec9 gi\u00e1 theo th\u1ecb tr\u01b0\u1eddng). Sau \u0111\u00f3 nh\u1eafn x\u00e1c nh\u1eadn qua zalo 094.196.3399 (zalo)<\/li>\n<\/ul>\n<p><strong>+ STK:<\/strong> 19035211449011 (Techcombank)<\/p>\n<p><strong>+ N\u1ed9i dung CK:<\/strong> H\u1ecd t\u00ean\u00a0+ v\u00e0 n\u1ed9i dung mua h\u00e0ng<\/p>\n<p><strong>+ C\u00e0i \u0111\u1eb7t:<\/strong> Team LeLife s\u1ebd h\u1ed7 tr\u1ee3t\u1eeb\u00a0 xa qua Zalo nh\u00e9, g\u1eedi s\u00e1ch qua Viettel Post ho\u1eb7c Grab cho b\u1ea1n nh\u00e9<\/p>","protected":false},"excerpt":{"rendered":"<p>Etsy is not just an e-commerce platform like Amazon, eBay or Walmart. It is a different world, with a unique and individual business culture. Etsy not only welcomes unique handmade products but is also a home for vintage products, each with its own unique mark created by talented human hands.<\/p>\n<p><span style=\"font-weight: 400;\">L\u00e0 m\u1ed9t ng\u01b0\u1eddi kh\u1edfi \u0111\u1ea7u t\u1eeb con s\u1ed1 kh\u00f4ng, t\u1ef1 h\u1ecdc h\u01a1n b\u1ea3y n\u0103m b\u1eb1ng nh\u1eefng tr\u1ea3i nghi\u1ec7m th\u1ef1c t\u1ebf v\u1ec1 kinh doanh tr\u1ef1c tuy\u1ebfn tr\u00ean nhi\u1ec1u n\u1ec1n t\u1ea3ng kh\u00e1c nhau nh\u01b0 Facebook, Shopify, Amazon, eBay v\u00e0 Etsy, trong \u0111\u00f3, ba n\u0103m g\u1ea7n \u0111\u00e2y nh\u1ea5t, c\u00e1c c\u1eeda h\u00e0ng tr\u00ean Etsy c\u1ee7a t\u00e1c gi\u1ea3 \u0111\u00e3 \u0111\u1ea1t doanh thu h\u01a1n 575.000 USD. Qua cu\u1ed1n s\u00e1ch n\u00e0y, t\u00e1c gi\u1ea3 mong mu\u1ed1n chia s\u1ebb v\u00e0 h\u01b0\u1edbng d\u1eabn nh\u1eefng ai c\u00f3 mong mu\u1ed1n kh\u1edfi nghi\u1ec7p v\u1edbi s\u1ed1 v\u1ed1n nh\u1ecf m\u1ed9t c\u00e1ch kinh doanh m\u1edbi m\u1ebb v\u00e0 hi\u1ec7u qu\u1ea3.<\/span><\/p>\n<p><strong>+ H\u01b0\u1edbng d\u1eabn mua:<\/strong><\/p>\n<ul>\n<li>C\u00e1ch 1: B\u1ea1n c\u00f3 th\u1ec3 mua tr\u1ef1c ti\u1ebfp b\u1eb1ng c\u00e1ch thanh to\u00e1n tr\u1ef1c ti\u1ebfp tr\u00ean website.\u00a0Sau \u0111\u00f3 nh\u1eafn x\u00e1c nh\u1eadn qua zalo 094.196.3399 (zalo)<\/li>\n<li>C\u00e1ch 2: Chuy\u1ec3n kho\u1ea3n v\u00e0o STK c\u00e1 nh\u00e2n (t\u1ec9 gi\u00e1 theo th\u1ecb tr\u01b0\u1eddng). Sau \u0111\u00f3 nh\u1eafn x\u00e1c nh\u1eadn qua zalo 094.196.3399 (zalo)<\/li>\n<\/ul>\n<p><strong>+ STK:<\/strong> 19035211449011 (Techcombank)<\/p>\n<p><strong>+ N\u1ed9i dung CK:<\/strong> H\u1ecd t\u00ean\u00a0+ v\u00e0 n\u1ed9i dung mua h\u00e0ng<\/p>\n<p><strong>+ C\u00e0i \u0111\u1eb7t:<\/strong> Team LeLife s\u1ebd h\u1ed7 tr\u1ee3t\u1eeb\u00a0 xa qua Zalo nh\u00e9, g\u1eedi s\u00e1ch qua Viettel Post ho\u1eb7c Grab cho b\u1ea1n nh\u00e9<\/p>","protected":false},"featured_media":4701,"comment_status":"open","ping_status":"closed","template":"","meta":{"_monsterinsights_skip_tracking":false,"_monsterinsights_sitenote_active":false,"_monsterinsights_sitenote_note":"","_monsterinsights_sitenote_category":0,"site-sidebar-layout":"default","site-content-layout":"","ast-site-content-layout":"default","site-content-style":"default","site-sidebar-style":"default","ast-global-header-display":"","ast-banner-title-visibility":"","ast-main-header-display":"","ast-hfb-above-header-display":"","ast-hfb-below-header-display":"","ast-hfb-mobile-header-display":"","site-post-title":"","ast-breadcrumbs-content":"","ast-featured-img":"","footer-sml-layout":"","ast-disable-related-posts":"","theme-transparent-header-meta":"default","adv-header-id-meta":"","stick-header-meta":"","header-above-stick-meta":"","header-main-stick-meta":"","header-below-stick-meta":"","astra-migrate-meta-layouts":"set","ast-page-background-enabled":"default","ast-page-background-meta":{"desktop":{"background-color":"","background-image":"","background-repeat":"repeat","background-position":"center center","background-size":"auto","background-attachment":"scroll","background-type":"","background-media":"","overlay-type":"","overlay-color":"","overlay-opacity":"","overlay-gradient":""},"tablet":{"background-color":"","background-image":"","background-repeat":"repeat","background-position":"center center","background-size":"auto","background-attachment":"scroll","background-type":"","background-media":"","overlay-type":"","overlay-color":"","overlay-opacity":"","overlay-gradient":""},"mobile":{"background-color":"","background-image":"","background-repeat":"repeat","background-position":"center center","background-size":"auto","background-attachment":"scroll","background-type":"","background-media":"","overlay-type":"","overlay-color":"","overlay-opacity":"","overlay-gradient":""}},"ast-content-background-meta":{"desktop":{"background-color":"var(--ast-global-color-5)","background-image":"","background-repeat":"repeat","background-position":"center center","background-size":"auto","background-attachment":"scroll","background-type":"","background-media":"","overlay-type":"","overlay-color":"","overlay-opacity":"","overlay-gradient":""},"tablet":{"background-color":"var(--ast-global-color-5)","background-image":"","background-repeat":"repeat","background-position":"center center","background-size":"auto","background-attachment":"scroll","background-type":"","background-media":"","overlay-type":"","overlay-color":"","overlay-opacity":"","overlay-gradient":""},"mobile":{"background-color":"var(--ast-global-color-5)","background-image":"","background-repeat":"repeat","background-position":"center center","background-size":"auto","background-attachment":"scroll","background-type":"","background-media":"","overlay-type":"","overlay-color":"","overlay-opacity":"","overlay-gradient":""}}},"product_brand":[],"product_cat":[57],"product_tag":[],"class_list":{"0":"post-4700","1":"product","2":"type-product","3":"status-publish","4":"has-post-thumbnail","6":"product_cat-lelife","7":"desktop-align-left","8":"tablet-align-left","9":"mobile-align-left","11":"first","12":"instock","13":"taxable","14":"shipping-taxable","15":"purchasable","16":"product-type-simple"},"_links":{"self":[{"href":"https:\/\/lelifeai.com\/en\/wp-json\/wp\/v2\/product\/4700","targetHints":{"allow":["GET"]}}],"collection":[{"href":"https:\/\/lelifeai.com\/en\/wp-json\/wp\/v2\/product"}],"about":[{"href":"https:\/\/lelifeai.com\/en\/wp-json\/wp\/v2\/types\/product"}],"replies":[{"embeddable":true,"href":"https:\/\/lelifeai.com\/en\/wp-json\/wp\/v2\/comments?post=4700"}],"version-history":[{"count":3,"href":"https:\/\/lelifeai.com\/en\/wp-json\/wp\/v2\/product\/4700\/revisions"}],"predecessor-version":[{"id":5641,"href":"https:\/\/lelifeai.com\/en\/wp-json\/wp\/v2\/product\/4700\/revisions\/5641"}],"wp:featuredmedia":[{"embeddable":true,"href":"https:\/\/lelifeai.com\/en\/wp-json\/wp\/v2\/media\/4701"}],"wp:attachment":[{"href":"https:\/\/lelifeai.com\/en\/wp-json\/wp\/v2\/media?parent=4700"}],"wp:term":[{"taxonomy":"product_brand","embeddable":true,"href":"https:\/\/lelifeai.com\/en\/wp-json\/wp\/v2\/product_brand?post=4700"},{"taxonomy":"product_cat","embeddable":true,"href":"https:\/\/lelifeai.com\/en\/wp-json\/wp\/v2\/product_cat?post=4700"},{"taxonomy":"product_tag","embeddable":true,"href":"https:\/\/lelifeai.com\/en\/wp-json\/wp\/v2\/product_tag?post=4700"}],"curies":[{"name":"wp","href":"https:\/\/api.w.org\/{rel}","templated":true}]}}