{"id":4708,"date":"2025-09-01T12:02:30","date_gmt":"2025-09-01T12:02:30","guid":{"rendered":"https:\/\/company.thelelife.com\/?post_type=product&#038;p=4708"},"modified":"2026-04-11T14:24:08","modified_gmt":"2026-04-11T07:24:08","slug":"cach-tao-video-ai-cho-san-pham-bang-cac-cong-cu-ai-google-veo-3-kling-midjourney-va-higgsfield","status":"publish","type":"product","link":"https:\/\/lelifeai.com\/en\/product\/cach-tao-video-ai-cho-san-pham-bang-cac-cong-cu-ai-google-veo-3-kling-midjourney-va-higgsfield\/","title":{"rendered":"How to Create AI Videos for Products Using AI Tools: Google Veo 3, Kling, Midjourney, and Higgsfield"},"content":{"rendered":"<p><strong>+ H\u01b0\u1edbng d\u1eabn mua:<\/strong><\/p>\n<ul>\n<li>C\u00e1ch 1: B\u1ea1n c\u00f3 th\u1ec3 mua tr\u1ef1c ti\u1ebfp b\u1eb1ng c\u00e1ch thanh to\u00e1n tr\u1ef1c ti\u1ebfp tr\u00ean website.\u00a0Sau \u0111\u00f3 nh\u1eafn x\u00e1c nh\u1eadn qua zalo 094.196.3399 (zalo)<\/li>\n<li>C\u00e1ch 2: Chuy\u1ec3n kho\u1ea3n v\u00e0o STK c\u00e1 nh\u00e2n (t\u1ec9 gi\u00e1 theo th\u1ecb tr\u01b0\u1eddng). Sau \u0111\u00f3 nh\u1eafn x\u00e1c nh\u1eadn qua zalo 094.196.3399 (zalo)<\/li>\n<\/ul>\n<p><strong>+ STK:<\/strong> 19035211449011 (Techcombank)<\/p>\n<p><strong>+ N\u1ed9i dung CK:<\/strong> H\u1ecd t\u00ean\u00a0+ v\u00e0 n\u1ed9i dung mua h\u00e0ng<\/p>\n<p><strong>+ C\u00e0i \u0111\u1eb7t:<\/strong> Team LeLife s\u1ebd h\u1ed7 tr\u1ee3 t\u1eeb\u00a0 xa qua Zalo nh\u00e9, g\u1eedi s\u00e1ch file pdf qua zalo ho\u1eb7c email cho b\u1ea1n nh\u00e9<\/p>","protected":false},"excerpt":{"rendered":"<p><span style=\"font-weight: 400;\">What you will get from this guide:\u00a0<\/span><\/p>\n<ul>\n<li><span style=\"font-weight: 400;\"> How to access and use powerful AI tools: Midjourney, Higgsfield, Kling AI, VEO 3\u00a0<\/span><\/li>\n<li><span style=\"font-weight: 400;\"> AI video creation process for POD products (clothing)\u00a0<\/span><\/li>\n<li><span style=\"font-weight: 400;\"> The secret to choosing the right AI tool for each type of product\u00a0<\/span><\/li>\n<li><span style=\"font-weight: 400;\"> Analyze the pros and cons of each tool to optimize efficiency\u00a0<\/span><\/li>\n<li><span style=\"font-weight: 400;\"> Structured prompt writing techniques for superior results\u00a0<\/span><\/li>\n<li><span style=\"font-weight: 400;\"> How to create realistic dialogue, sound, music and movement\u00a0<\/span><\/li>\n<li><span style=\"font-weight: 400;\"> Methods for keeping characters and style consistent across multiple scenes\u00a0<\/span><\/li>\n<li><span style=\"font-weight: 400;\"> Complete set of prompt formulas, cheatsheets and real-world examples\u00a0<\/span><\/li>\n<li><span style=\"font-weight: 400;\"> How to produce AI videos in trendy UGC style\u00a0<\/span><\/li>\n<li><span style=\"font-weight: 400;\"> Collection of viral templates to create AI videos that engage viewers Whether you're experimenting, creating content for clients, or building a YouTube channel powered entirely by AI \u2014 this guide will be your shortcut to success with AI tools.<\/span><\/li>\n<\/ul>\n<p><strong>+ H\u01b0\u1edbng d\u1eabn mua:<\/strong><\/p>\n<ul>\n<li>C\u00e1ch 1: B\u1ea1n c\u00f3 th\u1ec3 mua tr\u1ef1c ti\u1ebfp b\u1eb1ng c\u00e1ch thanh to\u00e1n tr\u1ef1c ti\u1ebfp tr\u00ean website.\u00a0Sau \u0111\u00f3 nh\u1eafn x\u00e1c nh\u1eadn qua zalo 094.196.3399 (zalo)<\/li>\n<li>C\u00e1ch 2: Chuy\u1ec3n kho\u1ea3n v\u00e0o STK c\u00e1 nh\u00e2n (t\u1ec9 gi\u00e1 theo th\u1ecb tr\u01b0\u1eddng). Sau \u0111\u00f3 nh\u1eafn x\u00e1c nh\u1eadn qua zalo 094.196.3399 (zalo)<\/li>\n<\/ul>\n<p><strong>+ STK:<\/strong> 19035211449011 (Techcombank)<\/p>\n<p><strong>+ N\u1ed9i dung CK:<\/strong> H\u1ecd t\u00ean\u00a0+ v\u00e0 n\u1ed9i dung mua h\u00e0ng<\/p>\n<p><strong>+ C\u00e0i \u0111\u1eb7t:<\/strong> Team LeLife s\u1ebd h\u1ed7 tr\u1ee3t\u1eeb\u00a0 xa qua Zalo nh\u00e9, g\u1eedi s\u00e1ch qua Viettel Post ho\u1eb7c Grab cho b\u1ea1n nh\u00e9<\/p>","protected":false},"featured_media":4709,"comment_status":"open","ping_status":"closed","template":"","meta":{"_monsterinsights_skip_tracking":false,"_monsterinsights_sitenote_active":false,"_monsterinsights_sitenote_note":"","_monsterinsights_sitenote_category":0,"site-sidebar-layout":"default","site-content-layout":"","ast-site-content-layout":"default","site-content-style":"default","site-sidebar-style":"default","ast-global-header-display":"","ast-banner-title-visibility":"","ast-main-header-display":"","ast-hfb-above-header-display":"","ast-hfb-below-header-display":"","ast-hfb-mobile-header-display":"","site-post-title":"","ast-breadcrumbs-content":"","ast-featured-img":"","footer-sml-layout":"","ast-disable-related-posts":"","theme-transparent-header-meta":"default","adv-header-id-meta":"","stick-header-meta":"","header-above-stick-meta":"","header-main-stick-meta":"","header-below-stick-meta":"","astra-migrate-meta-layouts":"set","ast-page-background-enabled":"default","ast-page-background-meta":{"desktop":{"background-color":"","background-image":"","background-repeat":"repeat","background-position":"center center","background-size":"auto","background-attachment":"scroll","background-type":"","background-media":"","overlay-type":"","overlay-color":"","overlay-opacity":"","overlay-gradient":""},"tablet":{"background-color":"","background-image":"","background-repeat":"repeat","background-position":"center center","background-size":"auto","background-attachment":"scroll","background-type":"","background-media":"","overlay-type":"","overlay-color":"","overlay-opacity":"","overlay-gradient":""},"mobile":{"background-color":"","background-image":"","background-repeat":"repeat","background-position":"center center","background-size":"auto","background-attachment":"scroll","background-type":"","background-media":"","overlay-type":"","overlay-color":"","overlay-opacity":"","overlay-gradient":""}},"ast-content-background-meta":{"desktop":{"background-color":"var(--ast-global-color-5)","background-image":"","background-repeat":"repeat","background-position":"center center","background-size":"auto","background-attachment":"scroll","background-type":"","background-media":"","overlay-type":"","overlay-color":"","overlay-opacity":"","overlay-gradient":""},"tablet":{"background-color":"var(--ast-global-color-5)","background-image":"","background-repeat":"repeat","background-position":"center center","background-size":"auto","background-attachment":"scroll","background-type":"","background-media":"","overlay-type":"","overlay-color":"","overlay-opacity":"","overlay-gradient":""},"mobile":{"background-color":"var(--ast-global-color-5)","background-image":"","background-repeat":"repeat","background-position":"center center","background-size":"auto","background-attachment":"scroll","background-type":"","background-media":"","overlay-type":"","overlay-color":"","overlay-opacity":"","overlay-gradient":""}}},"product_brand":[],"product_cat":[57],"product_tag":[],"class_list":{"0":"post-4708","1":"product","2":"type-product","3":"status-publish","4":"has-post-thumbnail","6":"product_cat-lelife","7":"desktop-align-left","8":"tablet-align-left","9":"mobile-align-left","11":"first","12":"instock","13":"downloadable","14":"purchasable","15":"product-type-simple"},"_links":{"self":[{"href":"https:\/\/lelifeai.com\/en\/wp-json\/wp\/v2\/product\/4708","targetHints":{"allow":["GET"]}}],"collection":[{"href":"https:\/\/lelifeai.com\/en\/wp-json\/wp\/v2\/product"}],"about":[{"href":"https:\/\/lelifeai.com\/en\/wp-json\/wp\/v2\/types\/product"}],"replies":[{"embeddable":true,"href":"https:\/\/lelifeai.com\/en\/wp-json\/wp\/v2\/comments?post=4708"}],"version-history":[{"count":3,"href":"https:\/\/lelifeai.com\/en\/wp-json\/wp\/v2\/product\/4708\/revisions"}],"predecessor-version":[{"id":5640,"href":"https:\/\/lelifeai.com\/en\/wp-json\/wp\/v2\/product\/4708\/revisions\/5640"}],"wp:featuredmedia":[{"embeddable":true,"href":"https:\/\/lelifeai.com\/en\/wp-json\/wp\/v2\/media\/4709"}],"wp:attachment":[{"href":"https:\/\/lelifeai.com\/en\/wp-json\/wp\/v2\/media?parent=4708"}],"wp:term":[{"taxonomy":"product_brand","embeddable":true,"href":"https:\/\/lelifeai.com\/en\/wp-json\/wp\/v2\/product_brand?post=4708"},{"taxonomy":"product_cat","embeddable":true,"href":"https:\/\/lelifeai.com\/en\/wp-json\/wp\/v2\/product_cat?post=4708"},{"taxonomy":"product_tag","embeddable":true,"href":"https:\/\/lelifeai.com\/en\/wp-json\/wp\/v2\/product_tag?post=4708"}],"curies":[{"name":"wp","href":"https:\/\/api.w.org\/{rel}","templated":true}]}}