{"id":5617,"date":"2026-04-03T02:41:56","date_gmt":"2026-04-03T02:41:56","guid":{"rendered":"https:\/\/lelifeai.com\/?post_type=product&#038;p=5617"},"modified":"2026-04-11T14:20:41","modified_gmt":"2026-04-11T07:20:41","slug":"combo-helium-10-jungle-scout-gia-chi-20-tiet-kiem-gan-95-chi-phi-tool-amazon-fba","status":"publish","type":"product","link":"https:\/\/lelifeai.com\/en\/product\/combo-helium-10-jungle-scout-gia-chi-20-tiet-kiem-gan-95-chi-phi-tool-amazon-fba\/","title":{"rendered":"Combo Helium10: Platinum + Jungle Scout: Growth Accelerator | Gi\u00e1 Ch\u1ec9 $19.99 \u2013 Ti\u1ebft Ki\u1ec7m 90 % Chi Ph\u00ed | Tool Amazon FBA"},"content":{"rendered":"<p data-start=\"741\" data-end=\"809\">&#x1f4a1; <strong data-start=\"744\" data-end=\"759\">Ch\u1ec9 v\u1edbi $19.99<\/strong>, b\u1ea1n s\u1edf h\u1eefu c\u00f9ng l\u00fac 2 tool m\u1ea1nh nh\u1ea5t th\u1ecb tr\u01b0\u1eddng:<\/p>\n<h3 data-section-id=\"14yp5oa\" data-start=\"434\" data-end=\"499\"><span class=\"hover:entity-accent entity-underline inline cursor-pointer align-baseline\"><span class=\"whitespace-normal\">Helium 10<\/span><\/span> (Platinum)<\/h3>\n<ul data-start=\"500\" data-end=\"615\">\n<li data-section-id=\"kmm3te\" data-start=\"500\" data-end=\"533\">Nghi\u00ean c\u1ee9u t\u1eeb kh\u00f3a chuy\u00ean s\u00e2u<\/li>\n<li data-section-id=\"1nan1w8\" data-start=\"534\" data-end=\"565\">Ph\u00e2n t\u00edch \u0111\u1ed1i th\u1ee7 &amp; listing<\/li>\n<li data-section-id=\"1onqcfi\" data-start=\"566\" data-end=\"587\">T\u1ed1i \u01b0u SEO Amazon<\/li>\n<li data-section-id=\"1x1t8mg\" data-start=\"588\" data-end=\"615\">T\u00ecm niche \u00edt c\u1ea1nh tranh<\/li>\n<\/ul>\n<h3 data-section-id=\"3w8ka\" data-start=\"617\" data-end=\"696\">&#x1f50e; <span class=\"hover:entity-accent entity-underline inline cursor-pointer align-baseline\"><span class=\"whitespace-normal\">Jungle Scout<\/span><\/span> (Growth Accelerator)<\/h3>\n<ul data-start=\"697\" data-end=\"850\">\n<li data-section-id=\"s1wu03\" data-start=\"697\" data-end=\"737\">\u01af\u1edbc t\u00ednh doanh thu &amp; sales c\u1ef1c chu\u1ea9n<\/li>\n<li data-section-id=\"3wi0fz\" data-start=\"738\" data-end=\"779\">Ph\u00e2n t\u00edch nhu c\u1ea7u th\u1ecb tr\u01b0\u1eddng (demand)<\/li>\n<li data-section-id=\"elvw4a\" data-start=\"780\" data-end=\"810\">\u0110\u00e1nh gi\u00e1 m\u1ee9c \u0111\u1ed9 c\u1ea1nh tranh<\/li>\n<li data-section-id=\"epovj9\" data-start=\"811\" data-end=\"850\">T\u00ecm s\u1ea3n ph\u1ea9m ti\u1ec1m n\u0103ng \u0111\u1ec3 scale FBA<\/li>\n<\/ul>\n<hr data-start=\"852\" data-end=\"855\" \/>\n<h2 data-section-id=\"ou5fxe\" data-start=\"857\" data-end=\"882\">&#x1f4b8; SO S\u00c1NH GI\u00c1 TH\u1ef0C T\u1ebe<\/h2>\n<h3 data-section-id=\"6zy3i7\" data-start=\"884\" data-end=\"928\">&#x1f539; Tr\u01b0\u1eddng h\u1ee3p 1 (G\u00f3i th\u1ea5p \u2013 d\u1ec5 ti\u1ebfp c\u1eadn)<\/h3>\n<ul data-start=\"929\" data-end=\"1018\">\n<li data-section-id=\"usd1jk\" data-start=\"929\" data-end=\"967\">Helium 10, g\u00f3i Platinum: <strong data-start=\"951\" data-end=\"965\">$129\/th\u00e1ng<\/strong><\/li>\n<li data-section-id=\"ur1sn8\" data-start=\"968\" data-end=\"1018\">Jungle Scout, g\u00f3i Growth Accelerator: <strong data-start=\"1003\" data-end=\"1016\">$79\/th\u00e1ng<\/strong><\/li>\n<\/ul>\n<p data-start=\"1020\" data-end=\"1071\">&#x1f449; T\u1ed5ng: <strong data-start=\"1029\" data-end=\"1043\">$208\/th\u00e1ng<\/strong><br data-start=\"1043\" data-end=\"1046\" \/>&#x1f449; Gi\u00e1 b\u1ea1n b\u00e1n: <strong data-start=\"1062\" data-end=\"1069\">$19.99<\/strong><\/p>\n<p data-start=\"1073\" data-end=\"1104\">&#x27a1;&#xfe0f; Ti\u1ebft ki\u1ec7m: <strong data-start=\"1087\" data-end=\"1104\">$188 (~96.4%)<\/strong><\/p>\n<hr data-start=\"1106\" data-end=\"1109\" \/>\n<h2 data-section-id=\"dilg0u\" data-start=\"1328\" data-end=\"1353\">&#x1f3af; B\u1ea0N S\u1ebc L\u00c0M \u0110\u01af\u1ee2C G\u00cc?<\/h2>\n<ul data-start=\"1355\" data-end=\"1531\">\n<li data-section-id=\"51qmqc\" data-start=\"1355\" data-end=\"1399\">Bi\u1ebft ch\u00ednh x\u00e1c s\u1ea3n ph\u1ea9m n\u00e0o \u0111ang b\u00e1n t\u1ed1t<\/li>\n<li data-section-id=\"kbcwqw\" data-start=\"1400\" data-end=\"1451\">Tr\u00e1nh ch\u1ecdn sai s\u1ea3n ph\u1ea9m (m\u1ea5t ti\u1ec1n ads, t\u1ed3n kho)<\/li>\n<li data-section-id=\"1axlcvz\" data-start=\"1452\" data-end=\"1491\">Ph\u00e2n t\u00edch th\u1ecb tr\u01b0\u1eddng b\u1eb1ng data th\u1ef1c<\/li>\n<li data-section-id=\"oxv1m6\" data-start=\"1492\" data-end=\"1531\">X\u00e2y n\u1ec1n t\u1ea3ng b\u00e1n Amazon FBA b\u00e0i b\u1ea3n<\/li>\n<\/ul>\n<hr data-start=\"1533\" data-end=\"1536\" \/>\n<h2 data-section-id=\"1apxe2r\" data-start=\"1538\" data-end=\"1555\">&#x1f464; PH\u00d9 H\u1ee2P CHO<\/h2>\n<ul data-start=\"1557\" data-end=\"1711\">\n<li data-section-id=\"hhkmer\" data-start=\"1557\" data-end=\"1589\">Ng\u01b0\u1eddi m\u1edbi b\u1eaft \u0111\u1ea7u Amazon FBA<\/li>\n<li data-section-id=\"q3g22b\" data-start=\"1590\" data-end=\"1621\">Seller mu\u1ed1n scale doanh thu<\/li>\n<li data-section-id=\"a0esjk\" data-start=\"1622\" data-end=\"1663\">Ng\u01b0\u1eddi \u0111ang t\u00ecm s\u1ea3n ph\u1ea9m Private Label<\/li>\n<li data-section-id=\"21xh6j\" data-start=\"1664\" data-end=\"1711\">Ng\u01b0\u1eddi mu\u1ed1n test th\u1ecb tr\u01b0\u1eddng v\u1edbi chi ph\u00ed th\u1ea5p<\/li>\n<\/ul>\n<hr data-start=\"1713\" data-end=\"1716\" \/>\n<h2 data-section-id=\"6vqnma\" data-start=\"1718\" data-end=\"1731\">&#x1f525; T\u00d3M L\u1ea0I<\/h2>\n<ul data-start=\"1733\" data-end=\"1815\">\n<li data-section-id=\"16ozdd2\" data-start=\"1733\" data-end=\"1767\">Gi\u00e1 g\u1ed1c: <strong data-start=\"1744\" data-end=\"1765\">$208<\/strong><\/li>\n<li data-section-id=\"17cjg2e\" data-start=\"1768\" data-end=\"1788\">Gi\u00e1 b\u1ea1n: <strong data-start=\"1779\" data-end=\"1786\">$19.99<\/strong><\/li>\n<li data-section-id=\"wb3pix\" data-start=\"1789\" data-end=\"1815\">Ti\u1ebft ki\u1ec7m: <strong data-start=\"1802\" data-end=\"1815\">90%<\/strong><\/li>\n<\/ul>\n<figure id=\"attachment_5619\" aria-describedby=\"caption-attachment-5619\" style=\"width: 744px\" class=\"wp-caption aligncenter\"><img fetchpriority=\"high\" decoding=\"async\" class=\"wp-image-5619\" src=\"https:\/\/lelifeai.com\/wp-content\/uploads\/2026\/04\/Combo-tool-Amazon-FBA-chi-20usd-1024x950.jpg\" alt=\"Combo tool Amazon FBA ch\u1ec9 20usd\" width=\"744\" height=\"690\" srcset=\"https:\/\/lelifeai.com\/wp-content\/uploads\/2026\/04\/Combo-tool-Amazon-FBA-chi-20usd-1024x950.jpg 1024w, https:\/\/lelifeai.com\/wp-content\/uploads\/2026\/04\/Combo-tool-Amazon-FBA-chi-20usd-300x278.jpg 300w, https:\/\/lelifeai.com\/wp-content\/uploads\/2026\/04\/Combo-tool-Amazon-FBA-chi-20usd-768x713.jpg 768w, https:\/\/lelifeai.com\/wp-content\/uploads\/2026\/04\/Combo-tool-Amazon-FBA-chi-20usd-1536x1426.jpg 1536w, https:\/\/lelifeai.com\/wp-content\/uploads\/2026\/04\/Combo-tool-Amazon-FBA-chi-20usd-13x12.jpg 13w, https:\/\/lelifeai.com\/wp-content\/uploads\/2026\/04\/Combo-tool-Amazon-FBA-chi-20usd-600x557.jpg 600w, https:\/\/lelifeai.com\/wp-content\/uploads\/2026\/04\/Combo-tool-Amazon-FBA-chi-20usd.jpg 1682w\" sizes=\"(max-width: 744px) 100vw, 744px\" \/><figcaption id=\"caption-attachment-5619\" class=\"wp-caption-text\">Combo tool Amazon FBA ch\u1ec9 20usd<\/figcaption><\/figure>\n<p data-start=\"1817\" data-end=\"1917\">&#x1f449; \u0110\u00e2y l\u00e0 c\u00e1ch <strong data-start=\"1832\" data-end=\"1917\">v\u00e0o th\u1ecb tr\u01b0\u1eddng Amazon v\u1edbi chi ph\u00ed th\u1ea5p nh\u1ea5t nh\u01b0ng v\u1eabn c\u00f3 full data nh\u01b0 pro seller<\/strong><\/p>\n<p><strong>+ H\u01b0\u1edbng d\u1eabn mua:<\/strong><\/p>\n<ul>\n<li>C\u00e1ch 1: B\u1ea1n c\u00f3 th\u1ec3 mua tr\u1ef1c ti\u1ebfp b\u1eb1ng c\u00e1ch thanh to\u00e1n tr\u1ef1c ti\u1ebfp tr\u00ean website.\u00a0Sau \u0111\u00f3 nh\u1eafn x\u00e1c nh\u1eadn qua zalo 094.196.3399 (zalo)<\/li>\n<li>C\u00e1ch 2: Chuy\u1ec3n kho\u1ea3n v\u00e0o STK c\u00e1 nh\u00e2n (t\u1ec9 gi\u00e1 theo th\u1ecb tr\u01b0\u1eddng). Sau \u0111\u00f3 nh\u1eafn x\u00e1c nh\u1eadn qua zalo 094.196.3399 (zalo)<\/li>\n<\/ul>\n<p><strong>+ STK:<\/strong> 19035211449011 (Techcombank)<\/p>\n<p><strong>+ N\u1ed9i dung CK:<\/strong> H\u1ecd t\u00ean\u00a0+ v\u00e0 n\u1ed9i dung mua h\u00e0ng<\/p>\n<p><strong>+ C\u00e0i \u0111\u1eb7t:<\/strong> Team LeLife s\u1ebd h\u1ed7 tr\u1ee3 c\u00e0i \u0111\u1eb7t t\u1eeb xa qua Zalo nh\u00e9<\/p>","protected":false},"excerpt":{"rendered":"<p>Combo <span class=\"hover:entity-accent entity-underline inline cursor-pointer align-baseline\"><span class=\"whitespace-normal\">Helium 10<\/span><\/span> + <span class=\"hover:entity-accent entity-underline inline cursor-pointer align-baseline\"><span class=\"whitespace-normal\">Jungle Scout<\/span><\/span> gi\u00fap b\u1ea1n t\u00ecm s\u1ea3n ph\u1ea9m Amazon FBA b\u1eb1ng data th\u1ef1c, kh\u00f4ng \u0111o\u00e1n m\u00f2.<br data-start=\"305\" data-end=\"308\" \/>Ch\u1ec9 $19,99 s\u1edf h\u1eefu b\u1ed9 tool tr\u1ecb gi\u00e1 $208, ti\u1ebft ki\u1ec7m \u0111\u1ebfn 90%.<br data-start=\"376\" data-end=\"379\" \/>Ph\u00f9 h\u1ee3p cho ng\u01b0\u1eddi m\u1edbi &amp; seller mu\u1ed1n scale nhanh.<\/p>\n<p><strong>+ H\u01b0\u1edbng d\u1eabn mua:<\/strong><\/p>\n<ul>\n<li>C\u00e1ch 1: B\u1ea1n c\u00f3 th\u1ec3 mua tr\u1ef1c ti\u1ebfp b\u1eb1ng c\u00e1ch thanh to\u00e1n tr\u1ef1c ti\u1ebfp tr\u00ean website.\u00a0Sau \u0111\u00f3 nh\u1eafn x\u00e1c nh\u1eadn qua zalo 094.196.3399 (zalo)<\/li>\n<li>C\u00e1ch 2: Chuy\u1ec3n kho\u1ea3n v\u00e0o STK c\u00e1 nh\u00e2n (t\u1ec9 gi\u00e1 theo th\u1ecb tr\u01b0\u1eddng). Sau \u0111\u00f3 nh\u1eafn x\u00e1c nh\u1eadn qua zalo 094.196.3399 (zalo)<\/li>\n<\/ul>\n<p><strong>+ STK:<\/strong> 19035211449011 (Techcombank)<\/p>\n<p><strong>+ N\u1ed9i dung CK:<\/strong> H\u1ecd t\u00ean\u00a0+ v\u00e0 n\u1ed9i dung mua h\u00e0ng<\/p>\n<p><strong>+ C\u00e0i \u0111\u1eb7t:<\/strong> Team LeLife s\u1ebd h\u1ed7 tr\u1ee3 c\u00e0i \u0111\u1eb7t t\u1eeb xa qua Zalo nh\u00e9<\/p>\n<p>+ N\u1ed9i dung CK: H\u1ecd t\u00ean\u00a0+ v\u00e0 n\u1ed9i dung mua h\u00e0ng<\/p>","protected":false},"featured_media":5635,"comment_status":"open","ping_status":"closed","template":"","meta":{"_monsterinsights_skip_tracking":false,"_monsterinsights_sitenote_active":false,"_monsterinsights_sitenote_note":"","_monsterinsights_sitenote_category":0,"site-sidebar-layout":"default","site-content-layout":"","ast-site-content-layout":"default","site-content-style":"default","site-sidebar-style":"default","ast-global-header-display":"","ast-banner-title-visibility":"","ast-main-header-display":"","ast-hfb-above-header-display":"","ast-hfb-below-header-display":"","ast-hfb-mobile-header-display":"","site-post-title":"","ast-breadcrumbs-content":"","ast-featured-img":"","footer-sml-layout":"","ast-disable-related-posts":"","theme-transparent-header-meta":"default","adv-header-id-meta":"","stick-header-meta":"","header-above-stick-meta":"","header-main-stick-meta":"","header-below-stick-meta":"","astra-migrate-meta-layouts":"set","ast-page-background-enabled":"default","ast-page-background-meta":{"desktop":{"background-color":"","background-image":"","background-repeat":"repeat","background-position":"center center","background-size":"auto","background-attachment":"scroll","background-type":"","background-media":"","overlay-type":"","overlay-color":"","overlay-opacity":"","overlay-gradient":""},"tablet":{"background-color":"","background-image":"","background-repeat":"repeat","background-position":"center center","background-size":"auto","background-attachment":"scroll","background-type":"","background-media":"","overlay-type":"","overlay-color":"","overlay-opacity":"","overlay-gradient":""},"mobile":{"background-color":"","background-image":"","background-repeat":"repeat","background-position":"center center","background-size":"auto","background-attachment":"scroll","background-type":"","background-media":"","overlay-type":"","overlay-color":"","overlay-opacity":"","overlay-gradient":""}},"ast-content-background-meta":{"desktop":{"background-color":"var(--ast-global-color-5)","background-image":"","background-repeat":"repeat","background-position":"center center","background-size":"auto","background-attachment":"scroll","background-type":"","background-media":"","overlay-type":"","overlay-color":"","overlay-opacity":"","overlay-gradient":""},"tablet":{"background-color":"var(--ast-global-color-5)","background-image":"","background-repeat":"repeat","background-position":"center center","background-size":"auto","background-attachment":"scroll","background-type":"","background-media":"","overlay-type":"","overlay-color":"","overlay-opacity":"","overlay-gradient":""},"mobile":{"background-color":"var(--ast-global-color-5)","background-image":"","background-repeat":"repeat","background-position":"center center","background-size":"auto","background-attachment":"scroll","background-type":"","background-media":"","overlay-type":"","overlay-color":"","overlay-opacity":"","overlay-gradient":""}}},"product_brand":[],"product_cat":[115,57],"product_tag":[],"class_list":{"0":"post-5617","1":"product","2":"type-product","3":"status-publish","4":"has-post-thumbnail","6":"product_cat-amazon-fba","7":"product_cat-lelife","8":"desktop-align-left","9":"tablet-align-left","10":"mobile-align-left","12":"first","13":"instock","14":"sale","15":"taxable","16":"shipping-taxable","17":"purchasable","18":"product-type-simple"},"_links":{"self":[{"href":"https:\/\/lelifeai.com\/en\/wp-json\/wp\/v2\/product\/5617","targetHints":{"allow":["GET"]}}],"collection":[{"href":"https:\/\/lelifeai.com\/en\/wp-json\/wp\/v2\/product"}],"about":[{"href":"https:\/\/lelifeai.com\/en\/wp-json\/wp\/v2\/types\/product"}],"replies":[{"embeddable":true,"href":"https:\/\/lelifeai.com\/en\/wp-json\/wp\/v2\/comments?post=5617"}],"version-history":[{"count":8,"href":"https:\/\/lelifeai.com\/en\/wp-json\/wp\/v2\/product\/5617\/revisions"}],"predecessor-version":[{"id":5637,"href":"https:\/\/lelifeai.com\/en\/wp-json\/wp\/v2\/product\/5617\/revisions\/5637"}],"wp:featuredmedia":[{"embeddable":true,"href":"https:\/\/lelifeai.com\/en\/wp-json\/wp\/v2\/media\/5635"}],"wp:attachment":[{"href":"https:\/\/lelifeai.com\/en\/wp-json\/wp\/v2\/media?parent=5617"}],"wp:term":[{"taxonomy":"product_brand","embeddable":true,"href":"https:\/\/lelifeai.com\/en\/wp-json\/wp\/v2\/product_brand?post=5617"},{"taxonomy":"product_cat","embeddable":true,"href":"https:\/\/lelifeai.com\/en\/wp-json\/wp\/v2\/product_cat?post=5617"},{"taxonomy":"product_tag","embeddable":true,"href":"https:\/\/lelifeai.com\/en\/wp-json\/wp\/v2\/product_tag?post=5617"}],"curies":[{"name":"wp","href":"https:\/\/api.w.org\/{rel}","templated":true}]}}